{"id":5461,"date":"2023-11-02T16:32:40","date_gmt":"2023-11-02T20:32:40","guid":{"rendered":"https:\/\/premiereligneensante.com\/?page_id=5461"},"modified":"2023-11-02T16:33:06","modified_gmt":"2023-11-02T20:33:06","slug":"health-trivia-rules","status":"publish","type":"page","link":"https:\/\/premiereligneensante.com\/en\/health-trivia-rules\/","title":{"rendered":"Health Trivia Rules"},"content":{"rendered":"\t\t<div data-elementor-type=\"wp-page\" data-elementor-id=\"5461\" class=\"elementor elementor-5461 elementor-5460\" data-elementor-post-type=\"page\">\n\t\t\t\t<div class=\"elementor-element elementor-element-df26b34 e-flex e-con-boxed e-con e-parent\" data-id=\"df26b34\" data-element_type=\"container\">\n\t\t\t\t\t<div class=\"e-con-inner\">\n\t\t\t\t<div class=\"elementor-element elementor-element-1c9d66f elementor-widget elementor-widget-heading\" data-id=\"1c9d66f\" data-element_type=\"widget\" data-widget_type=\"heading.default\">\n\t\t\t\t<div class=\"elementor-widget-container\">\n\t\t\t\t\t<h1 class=\"elementor-heading-title elementor-size-default\">R\u00e8glements Plakettopoly<\/h1>\t\t\t\t<\/div>\n\t\t\t\t<\/div>\n\t\t\t\t\t<\/div>\n\t\t\t\t<\/div>\n\t\t<div class=\"elementor-element elementor-element-a765fc3 e-flex e-con-boxed e-con e-parent\" data-id=\"a765fc3\" data-element_type=\"container\">\n\t\t\t\t\t<div class=\"e-con-inner\">\n\t\t\t\t<div class=\"elementor-element elementor-element-d962be1 elementor-widget-divider--view-line elementor-widget elementor-widget-divider\" data-id=\"d962be1\" data-element_type=\"widget\" data-widget_type=\"divider.default\">\n\t\t\t\t<div class=\"elementor-widget-container\">\n\t\t\t\t\t\t\t<div class=\"elementor-divider\">\n\t\t\t<span class=\"elementor-divider-separator\">\n\t\t\t\t\t\t<\/span>\n\t\t<\/div>\n\t\t\t\t\t\t<\/div>\n\t\t\t\t<\/div>\n\t\t\t\t\t<\/div>\n\t\t\t\t<\/div>\n\t\t<div class=\"elementor-element elementor-element-7480196 e-con-full e-flex e-con e-parent\" data-id=\"7480196\" data-element_type=\"container\" data-settings=\"{&quot;background_background&quot;:&quot;classic&quot;}\">\n\t\t<div class=\"elementor-element elementor-element-173b079 e-con-full e-flex e-con e-child\" data-id=\"173b079\" data-element_type=\"container\">\n\t\t\t\t<div class=\"elementor-element elementor-element-7789742 elementor-widget elementor-widget-text-editor\" data-id=\"7789742\" data-element_type=\"widget\" data-widget_type=\"text-editor.default\">\n\t\t\t\t<div class=\"elementor-widget-container\">\n\t\t\t\t\t\t\t\t\t<p>&#8220;Sed ut perspiciatis unde omnis iste natus error sit voluptatem accusantium doloremque laudantium, totam rem aperiam, eaque ipsa quae ab illo inventore veritatis et quasi architecto beatae vitae dicta sunt explicabo. Nemo enim ipsam voluptatem quia voluptas sit aspernatur aut odit aut fugit, sed quia consequuntur magni dolores eos qui ratione voluptatem sequi nesciunt. Neque porro quisquam est, qui dolorem ipsum quia dolor sit amet, consectetur, adipisci velit, sed quia non numquam eius modi tempora incidunt ut labore et dolore magnam aliquam quaerat voluptatem. Ut enim ad minima veniam, quis nostrum exercitationem ullam corporis suscipit laboriosam, nisi ut aliquid ex ea commodi consequatur? Quis autem vel eum iure reprehenderit qui in ea voluptate velit esse quam nihil molestiae consequatur, vel illum qui dolorem eum fugiat quo voluptas nulla pariatur<\/p>\t\t\t\t\t\t\t\t<\/div>\n\t\t\t\t<\/div>\n\t\t\t\t<\/div>\n\t\t<div class=\"elementor-element elementor-element-f622272 e-con-full e-flex e-con e-child\" data-id=\"f622272\" data-element_type=\"container\" data-settings=\"{&quot;background_background&quot;:&quot;classic&quot;}\">\n\t\t\t\t<div class=\"elementor-element elementor-element-47dc938 elementor-widget elementor-widget-image\" data-id=\"47dc938\" data-element_type=\"widget\" data-widget_type=\"image.default\">\n\t\t\t\t<div class=\"elementor-widget-container\">\n\t\t\t\t\t\t\t\t\t\t\t\t\t\t\t<img fetchpriority=\"high\" decoding=\"async\" width=\"1024\" height=\"682\" src=\"https:\/\/premiereligneensante.com\/wp-content\/uploads\/2023\/10\/a-propos-1024x682.jpg\" class=\"attachment-large size-large wp-image-5062\" alt=\"\" srcset=\"https:\/\/premiereligneensante.com\/wp-content\/uploads\/2023\/10\/a-propos-1024x682.jpg 1024w, https:\/\/premiereligneensante.com\/wp-content\/uploads\/2023\/10\/a-propos-300x200.jpg 300w, https:\/\/premiereligneensante.com\/wp-content\/uploads\/2023\/10\/a-propos-768x512.jpg 768w, https:\/\/premiereligneensante.com\/wp-content\/uploads\/2023\/10\/a-propos-1536x1024.jpg 1536w, https:\/\/premiereligneensante.com\/wp-content\/uploads\/2023\/10\/a-propos.jpg 2000w\" sizes=\"(max-width: 1024px) 100vw, 1024px\" \/>\t\t\t\t\t\t\t\t\t\t\t\t\t\t\t<\/div>\n\t\t\t\t<\/div>\n\t\t\t\t<\/div>\n\t\t\t\t<\/div>\n\t\t<div class=\"elementor-element elementor-element-ad15921 e-flex e-con-boxed e-con e-parent\" data-id=\"ad15921\" data-element_type=\"container\" data-settings=\"{&quot;background_background&quot;:&quot;classic&quot;}\">\n\t\t\t\t\t<div class=\"e-con-inner\">\n\t\t\t\t<div class=\"elementor-element elementor-element-5a0d62f elementor-widget elementor-widget-heading\" data-id=\"5a0d62f\" data-element_type=\"widget\" data-widget_type=\"heading.default\">\n\t\t\t\t<div class=\"elementor-widget-container\">\n\t\t\t\t\t<h2 class=\"elementor-heading-title elementor-size-default\">Premi\u00e8re Ligne en Sant\u00e9 2024<\/h2>\t\t\t\t<\/div>\n\t\t\t\t<\/div>\n\t\t\t\t<div class=\"elementor-element elementor-element-d49a166 elementor-widget elementor-widget-spacer\" data-id=\"d49a166\" data-element_type=\"widget\" data-widget_type=\"spacer.default\">\n\t\t\t\t<div class=\"elementor-widget-container\">\n\t\t\t\t\t\t\t<div class=\"elementor-spacer\">\n\t\t\t<div class=\"elementor-spacer-inner\"><\/div>\n\t\t<\/div>\n\t\t\t\t\t\t<\/div>\n\t\t\t\t<\/div>\n\t\t\t\t<div class=\"elementor-element elementor-element-2a998a0 elementor-widget elementor-widget-heading\" data-id=\"2a998a0\" data-element_type=\"widget\" data-widget_type=\"heading.default\">\n\t\t\t\t<div class=\"elementor-widget-container\">\n\t\t\t\t\t<h4 class=\"elementor-heading-title elementor-size-default\">En quelques mots :<\/h4>\t\t\t\t<\/div>\n\t\t\t\t<\/div>\n\t\t\t\t<div class=\"elementor-element elementor-element-bdf0395 elementor-widget elementor-widget-text-editor\" data-id=\"bdf0395\" data-element_type=\"widget\" data-widget_type=\"text-editor.default\">\n\t\t\t\t<div class=\"elementor-widget-container\">\n\t\t\t\t\t\t\t\t\t<p>L&#8217;\u00e9v\u00e9nement <strong>\u00ab Acteurs de Changement : Inspirer, Connecter et Agir \u00bb<\/strong> met en lumi\u00e8re les individus, les organisations et les initiatives qui se mobilisent pour cr\u00e9er un impact positif dans leurs communaut\u00e9s et au-del\u00e0. Cet \u00e9v\u00e9nement vise \u00e0 c\u00e9l\u00e9brer les efforts des acteurs de changement et \u00e0 favoriser l&#8217;\u00e9change d&#8217;id\u00e9es, de connaissances et de meilleures pratiques pour susciter des collaborations fructueuses.<\/p>\t\t\t\t\t\t\t\t<\/div>\n\t\t\t\t<\/div>\n\t\t\t\t\t<\/div>\n\t\t\t\t<\/div>\n\t\t<div class=\"elementor-element elementor-element-4e2ebcc e-flex e-con-boxed e-con e-parent\" data-id=\"4e2ebcc\" data-element_type=\"container\">\n\t\t\t\t\t<div class=\"e-con-inner\">\n\t\t\t\t<div class=\"elementor-element elementor-element-649a91e elementor-widget__width-auto elementor-absolute elementor-view-default elementor-widget elementor-widget-icon\" data-id=\"649a91e\" data-element_type=\"widget\" data-settings=\"{&quot;_position&quot;:&quot;absolute&quot;,&quot;motion_fx_motion_fx_scrolling&quot;:&quot;yes&quot;,&quot;motion_fx_translateY_effect&quot;:&quot;yes&quot;,&quot;motion_fx_translateY_direction&quot;:&quot;negative&quot;,&quot;motion_fx_translateY_speed&quot;:{&quot;unit&quot;:&quot;px&quot;,&quot;size&quot;:0.8,&quot;sizes&quot;:[]},&quot;motion_fx_translateY_affectedRange&quot;:{&quot;unit&quot;:&quot;%&quot;,&quot;size&quot;:&quot;&quot;,&quot;sizes&quot;:{&quot;start&quot;:0,&quot;end&quot;:100}},&quot;motion_fx_devices&quot;:[&quot;desktop&quot;,&quot;tablet&quot;,&quot;mobile&quot;]}\" data-widget_type=\"icon.default\">\n\t\t\t\t<div class=\"elementor-widget-container\">\n\t\t\t\t\t\t\t<div class=\"elementor-icon-wrapper\">\n\t\t\t<div class=\"elementor-icon\">\n\t\t\t<svg xmlns=\"http:\/\/www.w3.org\/2000\/svg\" id=\"Calque_1\" data-name=\"Calque 1\" viewBox=\"0 0 333.66 227.92\"><defs><style>      .cls-1 {        fill: #80c342;        stroke-width: 0px;      }    <\/style><\/defs><path class=\"cls-1\" d=\"m316.77,108.85L35.57,1.72C27.5-1.36,18.43-.26,11.34,4.64,4.24,9.54,0,17.62,0,26.24v68.32c0,10.88,6.72,20.64,16.89,24.52l281.2,107.12c3.02,1.15,6.19,1.72,9.34,1.72,5.25,0,10.45-1.58,14.89-4.64,7.1-4.89,11.34-12.98,11.34-21.6v-68.32c0-10.88-6.72-20.64-16.89-24.52Z\"><\/path><\/svg>\t\t\t<\/div>\n\t\t<\/div>\n\t\t\t\t\t\t<\/div>\n\t\t\t\t<\/div>\n\t\t\t\t<div class=\"elementor-element elementor-element-13c6439 elementor-widget__width-auto elementor-absolute elementor-hidden-desktop elementor-hidden-tablet elementor-hidden-mobile elementor-view-default elementor-widget elementor-widget-icon\" data-id=\"13c6439\" data-element_type=\"widget\" data-settings=\"{&quot;_position&quot;:&quot;absolute&quot;,&quot;motion_fx_motion_fx_scrolling&quot;:&quot;yes&quot;,&quot;motion_fx_translateY_effect&quot;:&quot;yes&quot;,&quot;motion_fx_translateY_speed&quot;:{&quot;unit&quot;:&quot;px&quot;,&quot;size&quot;:0.8,&quot;sizes&quot;:[]},&quot;motion_fx_translateY_affectedRange&quot;:{&quot;unit&quot;:&quot;%&quot;,&quot;size&quot;:&quot;&quot;,&quot;sizes&quot;:{&quot;start&quot;:0,&quot;end&quot;:100}},&quot;motion_fx_devices&quot;:[&quot;desktop&quot;,&quot;tablet&quot;,&quot;mobile&quot;]}\" data-widget_type=\"icon.default\">\n\t\t\t\t<div class=\"elementor-widget-container\">\n\t\t\t\t\t\t\t<div class=\"elementor-icon-wrapper\">\n\t\t\t<div class=\"elementor-icon\">\n\t\t\t<svg xmlns=\"http:\/\/www.w3.org\/2000\/svg\" xmlns:xlink=\"http:\/\/www.w3.org\/1999\/xlink\" id=\"Calque_1\" x=\"0px\" y=\"0px\" viewBox=\"0 0 75.5 51.6\" style=\"enable-background:new 0 0 75.5 51.6;\" xml:space=\"preserve\"><style type=\"text\/css\">\t.st0{fill:#00188C;}\t.st1{fill:#2EB3BC;}\t.st2{fill:#14B1E7;}\t.st3{fill:#80C342;}\t.st4{fill:#FFFFFF;}<\/style><path class=\"st2\" d=\"M3.8,24.7c-2.3,0.8-3.8,3-3.8,5.5l0,15.5c0,2,1,3.8,2.6,4.9c1,0.6,2.2,1,3.4,1c0.7,0,1.4-0.1,2.1-0.4L71.7,27 c2.3-0.8,3.8-3,3.8-5.5V6c0-2-1-3.8-2.6-4.9s-3.7-1.4-5.5-0.7L3.8,24.6L3.8,24.7z\"><\/path><\/svg>\t\t\t<\/div>\n\t\t<\/div>\n\t\t\t\t\t\t<\/div>\n\t\t\t\t<\/div>\n\t\t\t\t<div class=\"elementor-element elementor-element-3eb7abb elementor-widget elementor-widget-heading\" data-id=\"3eb7abb\" data-element_type=\"widget\" data-widget_type=\"heading.default\">\n\t\t\t\t<div class=\"elementor-widget-container\">\n\t\t\t\t\t<h2 class=\"elementor-heading-title elementor-size-default\">Points forts de l'\u00e9v\u00e9nement :<\/h2>\t\t\t\t<\/div>\n\t\t\t\t<\/div>\n\t\t\t\t<div class=\"elementor-element elementor-element-b294125 elementor-widget elementor-widget-spacer\" data-id=\"b294125\" data-element_type=\"widget\" data-widget_type=\"spacer.default\">\n\t\t\t\t<div class=\"elementor-widget-container\">\n\t\t\t\t\t\t\t<div class=\"elementor-spacer\">\n\t\t\t<div class=\"elementor-spacer-inner\"><\/div>\n\t\t<\/div>\n\t\t\t\t\t\t<\/div>\n\t\t\t\t<\/div>\n\t\t\t\t<div class=\"elementor-element elementor-element-59baed0 elementor-widget elementor-widget-heading\" data-id=\"59baed0\" data-element_type=\"widget\" data-widget_type=\"heading.default\">\n\t\t\t\t<div class=\"elementor-widget-container\">\n\t\t\t\t\t<h3 class=\"elementor-heading-title elementor-size-default\">Conf\u00e9rences inspirantes :<\/h3>\t\t\t\t<\/div>\n\t\t\t\t<\/div>\n\t\t\t\t<div class=\"elementor-element elementor-element-cdc9037 elementor-widget elementor-widget-text-editor\" data-id=\"cdc9037\" data-element_type=\"widget\" data-widget_type=\"text-editor.default\">\n\t\t\t\t<div class=\"elementor-widget-container\">\n\t\t\t\t\t\t\t\t\t<p>Des conf\u00e9renciers renomm\u00e9s et des acteurs de changement chevronn\u00e9s partageront leurs histoires inspirantes, leurs exp\u00e9riences et leurs approches pour cr\u00e9er un impact positif dans des domaines tels que la sant\u00e9, l&#8217;environnement, l&#8217;\u00e9ducation, les droits de l&#8217;homme, l&#8217;\u00e9conomie sociale, etc. Ils partageront des id\u00e9es novatrices et des strat\u00e9gies efficaces pour faire face aux d\u00e9fis sociaux contemporains.<\/p>\t\t\t\t\t\t\t\t<\/div>\n\t\t\t\t<\/div>\n\t\t\t\t<div class=\"elementor-element elementor-element-b80ab3d elementor-widget elementor-widget-heading\" data-id=\"b80ab3d\" data-element_type=\"widget\" data-widget_type=\"heading.default\">\n\t\t\t\t<div class=\"elementor-widget-container\">\n\t\t\t\t\t<h3 class=\"elementor-heading-title elementor-size-default\">Tables rondes interactives :<\/h3>\t\t\t\t<\/div>\n\t\t\t\t<\/div>\n\t\t\t\t<div class=\"elementor-element elementor-element-7e1c8d6 elementor-widget elementor-widget-text-editor\" data-id=\"7e1c8d6\" data-element_type=\"widget\" data-widget_type=\"text-editor.default\">\n\t\t\t\t<div class=\"elementor-widget-container\">\n\t\t\t\t\t\t\t\t\t<p><span data-doc-id=\"7094282000005225033\" data-doc-type=\"writer\">Des tables rondes th\u00e9matiques permettront aux participants de discuter des enjeux actuels, des obstacles et des opportunit\u00e9s li\u00e9s \u00e0 la cr\u00e9ation de changements positifs. Les sessions favoriseront les \u00e9changes d&#8217;id\u00e9es, les d\u00e9bats constructifs et la formulation de solutions concr\u00e8tes pour relever les d\u00e9fis sociaux.<\/span><\/p>\t\t\t\t\t\t\t\t<\/div>\n\t\t\t\t<\/div>\n\t\t\t\t<div class=\"elementor-element elementor-element-a548084 elementor-widget elementor-widget-heading\" data-id=\"a548084\" data-element_type=\"widget\" data-widget_type=\"heading.default\">\n\t\t\t\t<div class=\"elementor-widget-container\">\n\t\t\t\t\t<h3 class=\"elementor-heading-title elementor-size-default\">Pr\u00e9sentations de projets et d'initiatives :<\/h3>\t\t\t\t<\/div>\n\t\t\t\t<\/div>\n\t\t\t\t<div class=\"elementor-element elementor-element-12bcd3d elementor-widget elementor-widget-text-editor\" data-id=\"12bcd3d\" data-element_type=\"widget\" data-widget_type=\"text-editor.default\">\n\t\t\t\t<div class=\"elementor-widget-container\">\n\t\t\t\t\t\t\t\t\t<p><span data-doc-id=\"7094282000005225033\" data-doc-type=\"writer\">Des acteurs de changement auront l&#8217;opportunit\u00e9 de pr\u00e9senter leurs projets, leurs initiatives et leurs r\u00e9ussites, mettant ainsi en \u00e9vidence les actions tangibles qu&#8217;ils ont entreprises pour cr\u00e9er un impact positif. Cela permettra d&#8217;inspirer les participants et de leur fournir des exemples concrets de solutions innovantes.<\/span><\/p>\t\t\t\t\t\t\t\t<\/div>\n\t\t\t\t<\/div>\n\t\t\t\t<div class=\"elementor-element elementor-element-9b6ca90 elementor-widget elementor-widget-heading\" data-id=\"9b6ca90\" data-element_type=\"widget\" data-widget_type=\"heading.default\">\n\t\t\t\t<div class=\"elementor-widget-container\">\n\t\t\t\t\t<h3 class=\"elementor-heading-title elementor-size-default\">Sessions de r\u00e9seautage :<\/h3>\t\t\t\t<\/div>\n\t\t\t\t<\/div>\n\t\t\t\t<div class=\"elementor-element elementor-element-330af60 elementor-widget elementor-widget-text-editor\" data-id=\"330af60\" data-element_type=\"widget\" data-widget_type=\"text-editor.default\">\n\t\t\t\t<div class=\"elementor-widget-container\">\n\t\t\t\t\t\t\t\t\t<p><span data-doc-id=\"7094282000005225033\" data-doc-type=\"writer\">Des moments d\u00e9di\u00e9s au r\u00e9seautage offriront aux participants l&#8217;occasion de rencontrer et d&#8217;\u00e9changer avec d&#8217;autres acteurs de changement, des experts et des partenaires potentiels. Cela favorisera les collaborations, les synergies et les opportunit\u00e9s de croissance pour amplifier l&#8217;impact des initiatives.<\/span><\/p>\t\t\t\t\t\t\t\t<\/div>\n\t\t\t\t<\/div>\n\t\t\t\t<div class=\"elementor-element elementor-element-445dd77 elementor-widget elementor-widget-heading\" data-id=\"445dd77\" data-element_type=\"widget\" data-widget_type=\"heading.default\">\n\t\t\t\t<div class=\"elementor-widget-container\">\n\t\t\t\t\t<h3 class=\"elementor-heading-title elementor-size-default\">Activit\u00e9s interactives :<\/h3>\t\t\t\t<\/div>\n\t\t\t\t<\/div>\n\t\t\t\t<div class=\"elementor-element elementor-element-2a73828 elementor-widget elementor-widget-text-editor\" data-id=\"2a73828\" data-element_type=\"widget\" data-widget_type=\"text-editor.default\">\n\t\t\t\t<div class=\"elementor-widget-container\">\n\t\t\t\t\t\t\t\t\t<p><span data-doc-id=\"7094282000005225033\" data-doc-type=\"writer\">Des ateliers pratiques, des d\u00e9monstrations technologiques, des expositions d&#8217;innovations sociales et des activit\u00e9s interactives permettront aux participants de d\u00e9couvrir des outils, des m\u00e9thodologies et des solutions concr\u00e8tes pour soutenir leurs propres actions de changement.<\/span><\/p>\t\t\t\t\t\t\t\t<\/div>\n\t\t\t\t<\/div>\n\t\t\t\t\t<\/div>\n\t\t\t\t<\/div>\n\t\t\t\t<\/div>\n\t\t","protected":false},"excerpt":{"rendered":"","protected":false},"author":9,"featured_media":0,"parent":0,"menu_order":0,"comment_status":"closed","ping_status":"closed","template":"","meta":{"_acf_changed":false,"footnotes":""},"class_list":["post-5461","page","type-page","status-publish","hentry"],"acf":[],"yoast_head":"<!-- This site is optimized with the Yoast SEO plugin v24.6 - https:\/\/yoast.com\/wordpress\/plugins\/seo\/ -->\n<title>Health Trivia Rules - First Line in Health<\/title>\n<meta name=\"robots\" content=\"index, follow, max-snippet:-1, max-image-preview:large, max-video-preview:-1\" \/>\n<link rel=\"canonical\" href=\"https:\/\/premiereligneensante.com\/en\/health-trivia-rules\/\" \/>\n<meta property=\"og:locale\" content=\"en_US\" \/>\n<meta property=\"og:type\" content=\"article\" \/>\n<meta property=\"og:title\" content=\"Health Trivia Rules - First Line in Health\" \/>\n<meta property=\"og:url\" content=\"https:\/\/premiereligneensante.com\/en\/health-trivia-rules\/\" \/>\n<meta property=\"og:site_name\" content=\"First Line in Health\" \/>\n<meta property=\"article:publisher\" content=\"https:\/\/www.facebook.com\/premiereligneensante\/\" \/>\n<meta property=\"article:modified_time\" content=\"2023-11-02T20:33:06+00:00\" \/>\n<meta name=\"twitter:card\" content=\"summary_large_image\" \/>\n<script type=\"application\/ld+json\" class=\"yoast-schema-graph\">{\"@context\":\"https:\/\/schema.org\",\"@graph\":[{\"@type\":\"WebPage\",\"@id\":\"https:\/\/premiereligneensante.com\/en\/health-trivia-rules\/\",\"url\":\"https:\/\/premiereligneensante.com\/en\/health-trivia-rules\/\",\"name\":\"Health Trivia Rules - First Line in Health\",\"isPartOf\":{\"@id\":\"https:\/\/premiereligneensante.com\/en\/#website\"},\"datePublished\":\"2023-11-02T20:32:40+00:00\",\"dateModified\":\"2023-11-02T20:33:06+00:00\",\"breadcrumb\":{\"@id\":\"https:\/\/premiereligneensante.com\/en\/health-trivia-rules\/#breadcrumb\"},\"inLanguage\":\"en-US\",\"potentialAction\":[{\"@type\":\"ReadAction\",\"target\":[\"https:\/\/premiereligneensante.com\/en\/health-trivia-rules\/\"]}]},{\"@type\":\"BreadcrumbList\",\"@id\":\"https:\/\/premiereligneensante.com\/en\/health-trivia-rules\/#breadcrumb\",\"itemListElement\":[{\"@type\":\"ListItem\",\"position\":1,\"name\":\"Home\",\"item\":\"https:\/\/premiereligneensante.com\/en\/\"},{\"@type\":\"ListItem\",\"position\":2,\"name\":\"Health Trivia Rules\"}]},{\"@type\":\"WebSite\",\"@id\":\"https:\/\/premiereligneensante.com\/en\/#website\",\"url\":\"https:\/\/premiereligneensante.com\/en\/\",\"name\":\"Premi\u00e8re Ligne en Sant\u00e9\",\"description\":\"Canada\u2019s only event dedicated to primary care\",\"publisher\":{\"@id\":\"https:\/\/premiereligneensante.com\/en\/#organization\"},\"potentialAction\":[{\"@type\":\"SearchAction\",\"target\":{\"@type\":\"EntryPoint\",\"urlTemplate\":\"https:\/\/premiereligneensante.com\/en\/?s={search_term_string}\"},\"query-input\":{\"@type\":\"PropertyValueSpecification\",\"valueRequired\":true,\"valueName\":\"search_term_string\"}}],\"inLanguage\":\"en-US\"},{\"@type\":\"Organization\",\"@id\":\"https:\/\/premiereligneensante.com\/en\/#organization\",\"name\":\"Premi\u00e8re Ligne en Sant\u00e9\",\"url\":\"https:\/\/premiereligneensante.com\/en\/\",\"logo\":{\"@type\":\"ImageObject\",\"inLanguage\":\"en-US\",\"@id\":\"https:\/\/premiereligneensante.com\/en\/#\/schema\/logo\/image\/\",\"url\":\"https:\/\/premiereligneensante.com\/wp-content\/uploads\/2023\/10\/PLS_2023_RVB_FR-Couleurs.svg\",\"contentUrl\":\"https:\/\/premiereligneensante.com\/wp-content\/uploads\/2023\/10\/PLS_2023_RVB_FR-Couleurs.svg\",\"width\":818.2,\"height\":473.4,\"caption\":\"Premi\u00e8re Ligne en Sant\u00e9\"},\"image\":{\"@id\":\"https:\/\/premiereligneensante.com\/en\/#\/schema\/logo\/image\/\"},\"sameAs\":[\"https:\/\/www.facebook.com\/premiereligneensante\/\",\"https:\/\/www.linkedin.com\/company\/premiereligneensante\/\",\"https:\/\/www.instagram.com\/premiereligneensante\/\"]}]}<\/script>\n<!-- \/ Yoast SEO plugin. -->","yoast_head_json":{"title":"Health Trivia Rules - First Line in Health","robots":{"index":"index","follow":"follow","max-snippet":"max-snippet:-1","max-image-preview":"max-image-preview:large","max-video-preview":"max-video-preview:-1"},"canonical":"https:\/\/premiereligneensante.com\/en\/health-trivia-rules\/","og_locale":"en_US","og_type":"article","og_title":"Health Trivia Rules - First Line in Health","og_url":"https:\/\/premiereligneensante.com\/en\/health-trivia-rules\/","og_site_name":"First Line in Health","article_publisher":"https:\/\/www.facebook.com\/premiereligneensante\/","article_modified_time":"2023-11-02T20:33:06+00:00","twitter_card":"summary_large_image","schema":{"@context":"https:\/\/schema.org","@graph":[{"@type":"WebPage","@id":"https:\/\/premiereligneensante.com\/en\/health-trivia-rules\/","url":"https:\/\/premiereligneensante.com\/en\/health-trivia-rules\/","name":"Health Trivia Rules - First Line in Health","isPartOf":{"@id":"https:\/\/premiereligneensante.com\/en\/#website"},"datePublished":"2023-11-02T20:32:40+00:00","dateModified":"2023-11-02T20:33:06+00:00","breadcrumb":{"@id":"https:\/\/premiereligneensante.com\/en\/health-trivia-rules\/#breadcrumb"},"inLanguage":"en-US","potentialAction":[{"@type":"ReadAction","target":["https:\/\/premiereligneensante.com\/en\/health-trivia-rules\/"]}]},{"@type":"BreadcrumbList","@id":"https:\/\/premiereligneensante.com\/en\/health-trivia-rules\/#breadcrumb","itemListElement":[{"@type":"ListItem","position":1,"name":"Home","item":"https:\/\/premiereligneensante.com\/en\/"},{"@type":"ListItem","position":2,"name":"Health Trivia Rules"}]},{"@type":"WebSite","@id":"https:\/\/premiereligneensante.com\/en\/#website","url":"https:\/\/premiereligneensante.com\/en\/","name":"Premi\u00e8re Ligne en Sant\u00e9","description":"Canada\u2019s only event dedicated to primary care","publisher":{"@id":"https:\/\/premiereligneensante.com\/en\/#organization"},"potentialAction":[{"@type":"SearchAction","target":{"@type":"EntryPoint","urlTemplate":"https:\/\/premiereligneensante.com\/en\/?s={search_term_string}"},"query-input":{"@type":"PropertyValueSpecification","valueRequired":true,"valueName":"search_term_string"}}],"inLanguage":"en-US"},{"@type":"Organization","@id":"https:\/\/premiereligneensante.com\/en\/#organization","name":"Premi\u00e8re Ligne en Sant\u00e9","url":"https:\/\/premiereligneensante.com\/en\/","logo":{"@type":"ImageObject","inLanguage":"en-US","@id":"https:\/\/premiereligneensante.com\/en\/#\/schema\/logo\/image\/","url":"https:\/\/premiereligneensante.com\/wp-content\/uploads\/2023\/10\/PLS_2023_RVB_FR-Couleurs.svg","contentUrl":"https:\/\/premiereligneensante.com\/wp-content\/uploads\/2023\/10\/PLS_2023_RVB_FR-Couleurs.svg","width":818.2,"height":473.4,"caption":"Premi\u00e8re Ligne en Sant\u00e9"},"image":{"@id":"https:\/\/premiereligneensante.com\/en\/#\/schema\/logo\/image\/"},"sameAs":["https:\/\/www.facebook.com\/premiereligneensante\/","https:\/\/www.linkedin.com\/company\/premiereligneensante\/","https:\/\/www.instagram.com\/premiereligneensante\/"]}]}},"_links":{"self":[{"href":"https:\/\/premiereligneensante.com\/en\/wp-json\/wp\/v2\/pages\/5461","targetHints":{"allow":["GET"]}}],"collection":[{"href":"https:\/\/premiereligneensante.com\/en\/wp-json\/wp\/v2\/pages"}],"about":[{"href":"https:\/\/premiereligneensante.com\/en\/wp-json\/wp\/v2\/types\/page"}],"author":[{"embeddable":true,"href":"https:\/\/premiereligneensante.com\/en\/wp-json\/wp\/v2\/users\/9"}],"replies":[{"embeddable":true,"href":"https:\/\/premiereligneensante.com\/en\/wp-json\/wp\/v2\/comments?post=5461"}],"version-history":[{"count":0,"href":"https:\/\/premiereligneensante.com\/en\/wp-json\/wp\/v2\/pages\/5461\/revisions"}],"wp:attachment":[{"href":"https:\/\/premiereligneensante.com\/en\/wp-json\/wp\/v2\/media?parent=5461"}],"curies":[{"name":"wp","href":"https:\/\/api.w.org\/{rel}","templated":true}]}}